{"id":479,"date":"2024-07-15T15:20:56","date_gmt":"2024-07-15T15:20:56","guid":{"rendered":"https:\/\/moka1.net\/project\/?page_id=479"},"modified":"2024-07-15T23:27:51","modified_gmt":"2024-07-15T23:27:51","slug":"about","status":"publish","type":"page","link":"https:\/\/moka1.net\/project\/about\/","title":{"rendered":"About"},"content":{"rendered":"\t\t<div data-elementor-type=\"wp-page\" data-elementor-id=\"479\" class=\"elementor elementor-479\" data-elementor-post-type=\"page\">\n\t\t\t\t<div class=\"elementor-element elementor-element-39038ba e-flex e-con-boxed e-con e-parent\" data-id=\"39038ba\" data-element_type=\"container\">\n\t\t\t\t\t<div class=\"e-con-inner\">\n\t\t\t\t\t<\/div>\n\t\t\t\t<\/div>\n\t\t<div class=\"elementor-element elementor-element-5ba5b6a e-flex e-con-boxed e-con e-parent\" data-id=\"5ba5b6a\" data-element_type=\"container\">\n\t\t\t\t\t<div class=\"e-con-inner\">\n\t\t\t\t<div class=\"elementor-element elementor-element-4a6e61a elementor-widget elementor-widget-heading\" data-id=\"4a6e61a\" data-element_type=\"widget\" data-widget_type=\"heading.default\">\n\t\t\t\t<div class=\"elementor-widget-container\">\n\t\t\t<style>\/*! elementor - v3.22.0 - 26-06-2024 *\/\n.elementor-heading-title{padding:0;margin:0;line-height:1}.elementor-widget-heading .elementor-heading-title[class*=elementor-size-]>a{color:inherit;font-size:inherit;line-height:inherit}.elementor-widget-heading .elementor-heading-title.elementor-size-small{font-size:15px}.elementor-widget-heading .elementor-heading-title.elementor-size-medium{font-size:19px}.elementor-widget-heading .elementor-heading-title.elementor-size-large{font-size:29px}.elementor-widget-heading .elementor-heading-title.elementor-size-xl{font-size:39px}.elementor-widget-heading .elementor-heading-title.elementor-size-xxl{font-size:59px}<\/style><h2 class=\"elementor-heading-title elementor-size-default\">About<\/h2>\t\t<\/div>\n\t\t\t\t<\/div>\n\t\t\t\t\t<\/div>\n\t\t\t\t<\/div>\n\t\t<div class=\"elementor-element elementor-element-a3ff0dd e-flex e-con-boxed e-con e-parent\" data-id=\"a3ff0dd\" data-element_type=\"container\">\n\t\t\t\t\t<div class=\"e-con-inner\">\n\t\t<div class=\"elementor-element elementor-element-1b183f9 e-con-full e-flex e-con e-child\" data-id=\"1b183f9\" data-element_type=\"container\">\n\t\t\t\t<div class=\"elementor-element elementor-element-08dc859 elementor-widget elementor-widget-heading\" data-id=\"08dc859\" data-element_type=\"widget\" data-widget_type=\"heading.default\">\n\t\t\t\t<div class=\"elementor-widget-container\">\n\t\t\t<h2 class=\"elementor-heading-title elementor-size-default\">History<\/h2>\t\t<\/div>\n\t\t\t\t<\/div>\n\t\t\t\t<div class=\"elementor-element elementor-element-b09b94a elementor-widget elementor-widget-text-editor\" data-id=\"b09b94a\" data-element_type=\"widget\" data-widget_type=\"text-editor.default\">\n\t\t\t\t<div class=\"elementor-widget-container\">\n\t\t\t<style>\/*! elementor - v3.22.0 - 26-06-2024 *\/\n.elementor-widget-text-editor.elementor-drop-cap-view-stacked .elementor-drop-cap{background-color:#69727d;color:#fff}.elementor-widget-text-editor.elementor-drop-cap-view-framed .elementor-drop-cap{color:#69727d;border:3px solid;background-color:transparent}.elementor-widget-text-editor:not(.elementor-drop-cap-view-default) .elementor-drop-cap{margin-top:8px}.elementor-widget-text-editor:not(.elementor-drop-cap-view-default) .elementor-drop-cap-letter{width:1em;height:1em}.elementor-widget-text-editor .elementor-drop-cap{float:right;text-align:center;line-height:1;font-size:50px}.elementor-widget-text-editor .elementor-drop-cap-letter{display:inline-block}<\/style>\t\t\t\t<header class=\"inner\">\n<div class=\"container\">Opened in 1998, during the last world exhibition to take place in the 20th century, entitled \u201cThe oceans, a heritage for the future\u201d, the <strong>Oceanario de Lisboa <\/strong>has eternalised the centuries-old bond between Lisbon and the ocean.&nbsp;<span style=\"color: var( --e-global-color-accent ); font-family: var( --e-global-typography-66ca612-font-family ), Sans-serif; font-size: var( --e-global-typography-66ca612-font-size ); font-weight: var( --e-global-typography-text-font-weight ); text-align: var(--text-align);\">The Ocean\u00e1rio de Lisboa&nbsp;is a large public aquarium whose prestige is widely recognised, not only in Lisbon and Portugal, but also across the world. Visited by approximately 1 million people every year, the Ocean\u00e1rio&nbsp;is the most popular cultural attraction in Portugal.<\/span><\/div><\/header>\t\t\t\t\t\t<\/div>\n\t\t\t\t<\/div>\n\t\t\t\t<\/div>\n\t\t<div class=\"elementor-element elementor-element-2e99192 e-con-full e-flex e-con e-child\" data-id=\"2e99192\" data-element_type=\"container\">\n\t\t\t\t<div class=\"elementor-element elementor-element-9a1bd2a elementor-widget elementor-widget-image\" data-id=\"9a1bd2a\" data-element_type=\"widget\" data-widget_type=\"image.default\">\n\t\t\t\t<div class=\"elementor-widget-container\">\n\t\t\t<style>\/*! elementor - v3.22.0 - 26-06-2024 *\/\n.elementor-widget-image{text-align:center}.elementor-widget-image a{display:inline-block}.elementor-widget-image a img[src$=\".svg\"]{width:48px}.elementor-widget-image img{vertical-align:middle;display:inline-block}<\/style>\t\t\t\t\t\t\t\t\t\t<img fetchpriority=\"high\" decoding=\"async\" width=\"2560\" height=\"1435\" src=\"https:\/\/moka1.net\/project\/wp-content\/uploads\/2024\/07\/beautiful-underwater-landscape-with-fish-corals-scaled.jpg\" class=\"attachment-full size-full wp-image-64\" alt=\"\" srcset=\"https:\/\/moka1.net\/project\/wp-content\/uploads\/2024\/07\/beautiful-underwater-landscape-with-fish-corals-scaled.jpg 2560w, https:\/\/moka1.net\/project\/wp-content\/uploads\/2024\/07\/beautiful-underwater-landscape-with-fish-corals-scaled-600x336.jpg 600w, https:\/\/moka1.net\/project\/wp-content\/uploads\/2024\/07\/beautiful-underwater-landscape-with-fish-corals-300x168.jpg 300w, https:\/\/moka1.net\/project\/wp-content\/uploads\/2024\/07\/beautiful-underwater-landscape-with-fish-corals-1024x574.jpg 1024w, https:\/\/moka1.net\/project\/wp-content\/uploads\/2024\/07\/beautiful-underwater-landscape-with-fish-corals-768x430.jpg 768w, https:\/\/moka1.net\/project\/wp-content\/uploads\/2024\/07\/beautiful-underwater-landscape-with-fish-corals-1536x861.jpg 1536w, https:\/\/moka1.net\/project\/wp-content\/uploads\/2024\/07\/beautiful-underwater-landscape-with-fish-corals-2048x1148.jpg 2048w\" sizes=\"(max-width: 2560px) 100vw, 2560px\" \/>\t\t\t\t\t\t\t\t\t\t\t\t\t<\/div>\n\t\t\t\t<\/div>\n\t\t\t\t<\/div>\n\t\t<div class=\"elementor-element elementor-element-ec1d15b e-con-full e-flex e-con e-child\" data-id=\"ec1d15b\" data-element_type=\"container\">\n\t\t\t\t<div class=\"elementor-element elementor-element-5e53e48 elementor-widget elementor-widget-heading\" data-id=\"5e53e48\" data-element_type=\"widget\" data-widget_type=\"heading.default\">\n\t\t\t\t<div class=\"elementor-widget-container\">\n\t\t\t<h2 class=\"elementor-heading-title elementor-size-default\">Exhibitions<\/h2>\t\t<\/div>\n\t\t\t\t<\/div>\n\t\t\t\t<div class=\"elementor-element elementor-element-4661f3e elementor-widget elementor-widget-text-editor\" data-id=\"4661f3e\" data-element_type=\"widget\" data-widget_type=\"text-editor.default\">\n\t\t\t\t<div class=\"elementor-widget-container\">\n\t\t\t\t\t\t\t<header class=\"inner\"><\/header><div class=\"main-area\"><div class=\"container padded-container\"><div class=\"generic-cms \"><div class=\"content \"><p>The excellent exhibitions organised by the Ocean\u00e1rio and thearchitectural features of its buildings, full of symbolism, allow for a unique,\u00a0 nforgettable experience. The Ocean\u00e1rio consists of two buildings connected by a large forecourt: the original Edif\u00edcio dos Oceanos (&#8220;Oceans Building&#8221;) and the new Edif\u00edcio do Mar (&#8220;Sea Building&#8221;). The forecourt, from which the exhibitions and the educational area can be accessed.<\/p><\/div><\/div><\/div><\/div>\t\t\t\t\t\t<\/div>\n\t\t\t\t<\/div>\n\t\t\t\t<\/div>\n\t\t<div class=\"elementor-element elementor-element-d81fa83 e-con-full e-flex e-con e-child\" data-id=\"d81fa83\" data-element_type=\"container\">\n\t\t\t\t<div class=\"elementor-element elementor-element-27090ad elementor-widget elementor-widget-image\" data-id=\"27090ad\" data-element_type=\"widget\" data-widget_type=\"image.default\">\n\t\t\t\t<div class=\"elementor-widget-container\">\n\t\t\t\t\t\t\t\t\t\t\t\t\t<img decoding=\"async\" width=\"2560\" height=\"1435\" src=\"https:\/\/moka1.net\/project\/wp-content\/uploads\/2024\/07\/underwater-landscape-scaled.jpg\" class=\"attachment-full size-full wp-image-496\" alt=\"\" srcset=\"https:\/\/moka1.net\/project\/wp-content\/uploads\/2024\/07\/underwater-landscape-scaled.jpg 2560w, https:\/\/moka1.net\/project\/wp-content\/uploads\/2024\/07\/underwater-landscape-300x168.jpg 300w, https:\/\/moka1.net\/project\/wp-content\/uploads\/2024\/07\/underwater-landscape-1024x574.jpg 1024w, https:\/\/moka1.net\/project\/wp-content\/uploads\/2024\/07\/underwater-landscape-768x430.jpg 768w, https:\/\/moka1.net\/project\/wp-content\/uploads\/2024\/07\/underwater-landscape-1536x861.jpg 1536w, https:\/\/moka1.net\/project\/wp-content\/uploads\/2024\/07\/underwater-landscape-2048x1148.jpg 2048w, https:\/\/moka1.net\/project\/wp-content\/uploads\/2024\/07\/underwater-landscape-600x336.jpg 600w\" sizes=\"(max-width: 2560px) 100vw, 2560px\" \/>\t\t\t\t\t\t\t\t\t\t\t\t\t<\/div>\n\t\t\t\t<\/div>\n\t\t\t\t<\/div>\n\t\t\t\t\t<\/div>\n\t\t\t\t<\/div>\n\t\t\t\t<\/div>\n\t\t","protected":false},"excerpt":{"rendered":"<p>About History Opened in 1998, during the last world exhibition to take place in the 20th century, entitled \u201cThe oceans, a heritage for the future\u201d, the Oceanario de Lisboa has eternalised the centuries-old bond between Lisbon and the ocean.&nbsp;The Ocean\u00e1rio de Lisboa&nbsp;is a large public aquarium whose prestige is widely recognised, not only in Lisbon [&hellip;]<\/p>\n","protected":false},"author":1,"featured_media":0,"parent":0,"menu_order":0,"comment_status":"closed","ping_status":"closed","template":"","meta":{"footnotes":""},"_links":{"self":[{"href":"https:\/\/moka1.net\/project\/wp-json\/wp\/v2\/pages\/479"}],"collection":[{"href":"https:\/\/moka1.net\/project\/wp-json\/wp\/v2\/pages"}],"about":[{"href":"https:\/\/moka1.net\/project\/wp-json\/wp\/v2\/types\/page"}],"author":[{"embeddable":true,"href":"https:\/\/moka1.net\/project\/wp-json\/wp\/v2\/users\/1"}],"replies":[{"embeddable":true,"href":"https:\/\/moka1.net\/project\/wp-json\/wp\/v2\/comments?post=479"}],"version-history":[{"count":40,"href":"https:\/\/moka1.net\/project\/wp-json\/wp\/v2\/pages\/479\/revisions"}],"predecessor-version":[{"id":556,"href":"https:\/\/moka1.net\/project\/wp-json\/wp\/v2\/pages\/479\/revisions\/556"}],"wp:attachment":[{"href":"https:\/\/moka1.net\/project\/wp-json\/wp\/v2\/media?parent=479"}],"curies":[{"name":"wp","href":"https:\/\/api.w.org\/{rel}","templated":true}]}}